{"id":5720,"date":"2020-05-21T09:46:10","date_gmt":"2020-05-21T07:46:10","guid":{"rendered":"https:\/\/www.kometirrigation.com\/credits"},"modified":"2025-03-28T08:17:06","modified_gmt":"2025-03-28T07:17:06","slug":"informacao-legal","status":"publish","type":"page","link":"https:\/\/www.kometirrigation.com\/pt-br\/informacao-legal","title":{"rendered":"Aviso Legal"},"content":{"rendered":"<p><strong>Propriedade de Conte\u00fado:<\/strong><br \/>\nKomet Austria GmbH<br \/>\nJulius Durst-Stra\u00dfe 10<br \/>\n9900 Lienz, \u00c1ustria<br \/>\nT: +43 4852 71550 500<br \/>\nE: <a href=\"mailto:komet@kometirrigation.com\">komet@kometirrigation.com<\/a><br \/>\nW: <a href=\"https:\/\/www.kometirrigation.com\/pt-br\/\">kometirrigation.com<\/a><\/p>\n<p><strong>Diretor:<\/strong><br \/>\nDr. Andree Groos (Porta-voz)<br \/>\nSacha Hoffmann<\/p>\n<p><strong>Objetivo da Companhia:<\/strong><br \/>\nDesenvolvimento, produ\u00e7\u00e3o e distribui\u00e7\u00e3o de componentes essenciais para sistemas de irriga\u00e7\u00e3o agr\u00edcola.<\/p>\n<p><strong>N\u00famero de registro:<\/strong> 197941s<br \/>\n<strong>Matriz:<\/strong> Lienz, \u00c1ustria<br \/>\n<strong>Tribunal de Registro:<\/strong> Innsbruck<br \/>\n<strong>UID:<\/strong> ATU 49749704<br \/>\n<strong>Associa\u00e7\u00e3o Comercial: <\/strong>Membro da C\u00e2mara Federal de Economia da \u00c1ustria<br \/>\n<strong>Legisla\u00e7\u00e3o: <\/strong>Regulamenta\u00e7\u00f5es comerciais acessivel em\u00a0<a href=\"https:\/\/www.ris.bka.gv.at\/\"><strong>www.ris.bka.gv.at<\/strong><\/a><br \/>\n<strong>Autoridade comercial:<\/strong> Administra\u00e7\u00e3o do distrito Lienz<\/p>\n<p><strong>Conceito, web design e implementa\u00e7\u00e3o:<\/strong><br \/>\nMADE IN CIMA S.r.l.<br \/>\n<a href=\"mailto:support@madeincima.it\">support@madeincima.it<\/a><br \/>\n<a href=\"https:\/\/www.madeincima.it\/?utm_source=www.kometirrigation.com\/pt-br\/&amp;utm_medium=Text%2Blink&amp;utm_campaign=Footer%2BLink\" target=\"_blank\" rel=\"noopener noreferrer\">www.madeincima.it<\/a><\/p>\n<p><strong>Isen\u00e7\u00e3o de responsabilidade e aviso legal:<\/strong><br \/>\nEmbora o conte\u00fado deste site tenha sido criado com o m\u00e1ximo cuidado, a precis\u00e3o, integridade e atualidade das informa\u00e7\u00f5es apresentadas n\u00e3o podem ser garantidas. A Komet Austria GmbH, seus funcion\u00e1rios e colaboradores de conte\u00fado terceirizados n\u00e3o podem ser responsabilizados por quaisquer danos diretos ou indiretos decorrentes do uso deste site.<br \/>\nA publica\u00e7\u00e3o, modifica\u00e7\u00e3o e reprodu\u00e7\u00e3o do conte\u00fado do site (texto, imagens, gr\u00e1ficos, etc.) sem o consentimento expresso da Komet Austria GmbH \u00e9 estritamente proibida.<\/p>\n","protected":false},"excerpt":{"rendered":"<p>Propriedade de Conte\u00fado: Komet Austria GmbH Julius Durst-Stra\u00dfe 10 9900 Lienz, \u00c1ustria T: +43 4852 71550 500 E: komet@kometirrigation.com W: kometirrigation.com Diretor: Dr. Andree Groos (Porta-voz) Sacha Hoffmann Objetivo da Companhia: Desenvolvimento, produ\u00e7\u00e3o e distribui\u00e7\u00e3o de componentes essenciais para sistemas de irriga\u00e7\u00e3o agr\u00edcola. N\u00famero de registro: 197941s Matriz: Lienz, \u00c1ustria Tribunal de Registro: Innsbruck UID: [&hellip;]<\/p>\n","protected":false},"author":3,"featured_media":0,"parent":0,"menu_order":0,"comment_status":"closed","ping_status":"closed","template":"","meta":{"_acf_changed":false,"footnotes":""},"class_list":["post-5720","page","type-page","status-publish","hentry"],"acf":[],"yoast_head":"<!-- This site is optimized with the Yoast SEO plugin v26.3 - https:\/\/yoast.com\/wordpress\/plugins\/seo\/ -->\n<title>Aviso Legal - Komet<\/title>\n<meta name=\"robots\" content=\"index, follow, max-snippet:-1, max-image-preview:large, max-video-preview:-1\" \/>\n<link rel=\"canonical\" href=\"https:\/\/www.kometirrigation.com\/pt-br\/wp-json\/wp\/v2\/pages\/5720\" \/>\n<meta property=\"og:locale\" content=\"pt_BR\" \/>\n<meta property=\"og:type\" content=\"article\" \/>\n<meta property=\"og:title\" content=\"Aviso Legal - Komet\" \/>\n<meta property=\"og:description\" content=\"Propriedade de Conte\u00fado: Komet Austria GmbH Julius Durst-Stra\u00dfe 10 9900 Lienz, \u00c1ustria T: +43 4852 71550 500 E: komet@kometirrigation.com W: kometirrigation.com Diretor: Dr. Andree Groos (Porta-voz) Sacha Hoffmann Objetivo da Companhia: Desenvolvimento, produ\u00e7\u00e3o e distribui\u00e7\u00e3o de componentes essenciais para sistemas de irriga\u00e7\u00e3o agr\u00edcola. N\u00famero de registro: 197941s Matriz: Lienz, \u00c1ustria Tribunal de Registro: Innsbruck UID: [&hellip;]\" \/>\n<meta property=\"og:url\" content=\"https:\/\/www.kometirrigation.com\/pt-br\/informacao-legal\" \/>\n<meta property=\"og:site_name\" content=\"Komet\" \/>\n<meta property=\"article:modified_time\" content=\"2025-03-28T07:17:06+00:00\" \/>\n<meta property=\"og:image\" content=\"https:\/\/www.kometirrigation.com\/wp-content\/uploads\/2020\/07\/komet-og.jpg\" \/>\n\t<meta property=\"og:image:width\" content=\"1000\" \/>\n\t<meta property=\"og:image:height\" content=\"1000\" \/>\n\t<meta property=\"og:image:type\" content=\"image\/jpeg\" \/>\n<meta name=\"twitter:card\" content=\"summary_large_image\" \/>\n<meta name=\"twitter:label1\" content=\"Est. tempo de leitura\" \/>\n\t<meta name=\"twitter:data1\" content=\"1 minuto\" \/>\n<script type=\"application\/ld+json\" class=\"yoast-schema-graph\">{\"@context\":\"https:\/\/schema.org\",\"@graph\":[{\"@type\":\"WebPage\",\"@id\":\"https:\/\/www.kometirrigation.com\/pt-br\/informacao-legal\",\"url\":\"https:\/\/www.kometirrigation.com\/pt-br\/informacao-legal\",\"name\":\"Aviso Legal - Komet\",\"isPartOf\":{\"@id\":\"https:\/\/www.kometirrigation.com\/pt-br#website\"},\"datePublished\":\"2020-05-21T07:46:10+00:00\",\"dateModified\":\"2025-03-28T07:17:06+00:00\",\"breadcrumb\":{\"@id\":\"https:\/\/www.kometirrigation.com\/pt-br\/informacao-legal#breadcrumb\"},\"inLanguage\":\"pt-BR\",\"potentialAction\":[{\"@type\":\"ReadAction\",\"target\":[\"https:\/\/www.kometirrigation.com\/pt-br\/informacao-legal\"]}]},{\"@type\":\"BreadcrumbList\",\"@id\":\"https:\/\/www.kometirrigation.com\/pt-br\/informacao-legal#breadcrumb\",\"itemListElement\":[{\"@type\":\"ListItem\",\"position\":1,\"name\":\"Home\",\"item\":\"https:\/\/www.kometirrigation.com\/pt-br\"},{\"@type\":\"ListItem\",\"position\":2,\"name\":\"Aviso Legal\"}]},{\"@type\":\"WebSite\",\"@id\":\"https:\/\/www.kometirrigation.com\/pt-br#website\",\"url\":\"https:\/\/www.kometirrigation.com\/pt-br\",\"name\":\"Komet\",\"description\":\"Innovative Irrigation\",\"potentialAction\":[{\"@type\":\"SearchAction\",\"target\":{\"@type\":\"EntryPoint\",\"urlTemplate\":\"https:\/\/www.kometirrigation.com\/pt-br?s={search_term_string}\"},\"query-input\":{\"@type\":\"PropertyValueSpecification\",\"valueRequired\":true,\"valueName\":\"search_term_string\"}}],\"inLanguage\":\"pt-BR\"}]}<\/script>\n<!-- \/ Yoast SEO plugin. -->","yoast_head_json":{"title":"Aviso Legal - Komet","robots":{"index":"index","follow":"follow","max-snippet":"max-snippet:-1","max-image-preview":"max-image-preview:large","max-video-preview":"max-video-preview:-1"},"canonical":"https:\/\/www.kometirrigation.com\/pt-br\/wp-json\/wp\/v2\/pages\/5720","og_locale":"pt_BR","og_type":"article","og_title":"Aviso Legal - Komet","og_description":"Propriedade de Conte\u00fado: Komet Austria GmbH Julius Durst-Stra\u00dfe 10 9900 Lienz, \u00c1ustria T: +43 4852 71550 500 E: komet@kometirrigation.com W: kometirrigation.com Diretor: Dr. Andree Groos (Porta-voz) Sacha Hoffmann Objetivo da Companhia: Desenvolvimento, produ\u00e7\u00e3o e distribui\u00e7\u00e3o de componentes essenciais para sistemas de irriga\u00e7\u00e3o agr\u00edcola. N\u00famero de registro: 197941s Matriz: Lienz, \u00c1ustria Tribunal de Registro: Innsbruck UID: [&hellip;]","og_url":"https:\/\/www.kometirrigation.com\/pt-br\/informacao-legal","og_site_name":"Komet","article_modified_time":"2025-03-28T07:17:06+00:00","og_image":[{"width":1000,"height":1000,"url":"https:\/\/www.kometirrigation.com\/wp-content\/uploads\/2020\/07\/komet-og.jpg","type":"image\/jpeg"}],"twitter_card":"summary_large_image","twitter_misc":{"Est. tempo de leitura":"1 minuto"},"schema":{"@context":"https:\/\/schema.org","@graph":[{"@type":"WebPage","@id":"https:\/\/www.kometirrigation.com\/pt-br\/informacao-legal","url":"https:\/\/www.kometirrigation.com\/pt-br\/informacao-legal","name":"Aviso Legal - Komet","isPartOf":{"@id":"https:\/\/www.kometirrigation.com\/pt-br#website"},"datePublished":"2020-05-21T07:46:10+00:00","dateModified":"2025-03-28T07:17:06+00:00","breadcrumb":{"@id":"https:\/\/www.kometirrigation.com\/pt-br\/informacao-legal#breadcrumb"},"inLanguage":"pt-BR","potentialAction":[{"@type":"ReadAction","target":["https:\/\/www.kometirrigation.com\/pt-br\/informacao-legal"]}]},{"@type":"BreadcrumbList","@id":"https:\/\/www.kometirrigation.com\/pt-br\/informacao-legal#breadcrumb","itemListElement":[{"@type":"ListItem","position":1,"name":"Home","item":"https:\/\/www.kometirrigation.com\/pt-br"},{"@type":"ListItem","position":2,"name":"Aviso Legal"}]},{"@type":"WebSite","@id":"https:\/\/www.kometirrigation.com\/pt-br#website","url":"https:\/\/www.kometirrigation.com\/pt-br","name":"Komet","description":"Innovative Irrigation","potentialAction":[{"@type":"SearchAction","target":{"@type":"EntryPoint","urlTemplate":"https:\/\/www.kometirrigation.com\/pt-br?s={search_term_string}"},"query-input":{"@type":"PropertyValueSpecification","valueRequired":true,"valueName":"search_term_string"}}],"inLanguage":"pt-BR"}]}},"_links":{"self":[{"href":"https:\/\/www.kometirrigation.com\/pt-br\/wp-json\/wp\/v2\/pages\/5720","targetHints":{"allow":["GET"]}}],"collection":[{"href":"https:\/\/www.kometirrigation.com\/pt-br\/wp-json\/wp\/v2\/pages"}],"about":[{"href":"https:\/\/www.kometirrigation.com\/pt-br\/wp-json\/wp\/v2\/types\/page"}],"author":[{"embeddable":true,"href":"https:\/\/www.kometirrigation.com\/pt-br\/wp-json\/wp\/v2\/users\/3"}],"replies":[{"embeddable":true,"href":"https:\/\/www.kometirrigation.com\/pt-br\/wp-json\/wp\/v2\/comments?post=5720"}],"version-history":[{"count":0,"href":"https:\/\/www.kometirrigation.com\/pt-br\/wp-json\/wp\/v2\/pages\/5720\/revisions"}],"wp:attachment":[{"href":"https:\/\/www.kometirrigation.com\/pt-br\/wp-json\/wp\/v2\/media?parent=5720"}],"curies":[{"name":"wp","href":"https:\/\/api.w.org\/{rel}","templated":true}]}}