{"id":5693,"date":"2020-05-08T14:06:37","date_gmt":"2020-05-08T12:06:37","guid":{"rendered":"https:\/\/www.kometirrigation.com\/who-we-are"},"modified":"2026-01-22T09:19:07","modified_gmt":"2026-01-22T08:19:07","slug":"sobre-nos","status":"publish","type":"page","link":"https:\/\/www.kometirrigation.com\/pt-br\/sobre-nos","title":{"rendered":"Sobre N\u00f3s"},"content":{"rendered":"","protected":false},"excerpt":{"rendered":"","protected":false},"author":3,"featured_media":0,"parent":0,"menu_order":0,"comment_status":"closed","ping_status":"closed","template":"page-wo-we-are.php","meta":{"_acf_changed":false,"footnotes":""},"class_list":["post-5693","page","type-page","status-publish","hentry"],"acf":[],"yoast_head":"<!-- This site is optimized with the Yoast SEO plugin v26.3 - https:\/\/yoast.com\/wordpress\/plugins\/seo\/ -->\n<title>Sobre N\u00f3s | A equipe de irriga\u00e7\u00e3o da Komet<\/title>\n<meta name=\"description\" content=\"Nossa equipe global de especialistas em irriga\u00e7\u00e3o est\u00e1 sempre \u00e0 sua disposi\u00e7\u00e3o! Conhe\u00e7a-nos e explore a hist\u00f3ria de nossa empresa!\" \/>\n<meta name=\"robots\" content=\"index, follow, max-snippet:-1, max-image-preview:large, max-video-preview:-1\" \/>\n<link rel=\"canonical\" href=\"https:\/\/www.kometirrigation.com\/pt-br\/wp-json\/wp\/v2\/pages\/5693\" \/>\n<meta property=\"og:locale\" content=\"pt_BR\" \/>\n<meta property=\"og:type\" content=\"article\" \/>\n<meta property=\"og:title\" content=\"Sobre N\u00f3s | A equipe de irriga\u00e7\u00e3o da Komet\" \/>\n<meta property=\"og:description\" content=\"Nossa equipe global de especialistas em irriga\u00e7\u00e3o est\u00e1 sempre \u00e0 sua disposi\u00e7\u00e3o! Conhe\u00e7a-nos e explore a hist\u00f3ria de nossa empresa!\" \/>\n<meta property=\"og:url\" content=\"https:\/\/www.kometirrigation.com\/pt-br\/sobre-nos\" \/>\n<meta property=\"og:site_name\" content=\"Komet\" \/>\n<meta property=\"article:modified_time\" content=\"2026-01-22T08:19:07+00:00\" \/>\n<meta property=\"og:image\" content=\"https:\/\/www.kometirrigation.com\/wp-content\/uploads\/2022\/04\/header2.jpg\" \/>\n\t<meta property=\"og:image:width\" content=\"1000\" \/>\n\t<meta property=\"og:image:height\" content=\"1000\" \/>\n\t<meta property=\"og:image:type\" content=\"image\/jpeg\" \/>\n<meta name=\"twitter:card\" content=\"summary_large_image\" \/>\n<meta name=\"twitter:image\" content=\"https:\/\/www.kometirrigation.com\/wp-content\/uploads\/2022\/04\/header2.jpg\" \/>\n<script type=\"application\/ld+json\" class=\"yoast-schema-graph\">{\"@context\":\"https:\/\/schema.org\",\"@graph\":[{\"@type\":\"WebPage\",\"@id\":\"https:\/\/www.kometirrigation.com\/pt-br\/sobre-nos\",\"url\":\"https:\/\/www.kometirrigation.com\/pt-br\/sobre-nos\",\"name\":\"Sobre N\u00f3s | A equipe de irriga\u00e7\u00e3o da Komet\",\"isPartOf\":{\"@id\":\"https:\/\/www.kometirrigation.com\/pt-br#website\"},\"datePublished\":\"2020-05-08T12:06:37+00:00\",\"dateModified\":\"2026-01-22T08:19:07+00:00\",\"description\":\"Nossa equipe global de especialistas em irriga\u00e7\u00e3o est\u00e1 sempre \u00e0 sua disposi\u00e7\u00e3o! Conhe\u00e7a-nos e explore a hist\u00f3ria de nossa empresa!\",\"breadcrumb\":{\"@id\":\"https:\/\/www.kometirrigation.com\/pt-br\/sobre-nos#breadcrumb\"},\"inLanguage\":\"pt-BR\",\"potentialAction\":[{\"@type\":\"ReadAction\",\"target\":[\"https:\/\/www.kometirrigation.com\/pt-br\/sobre-nos\"]}]},{\"@type\":\"BreadcrumbList\",\"@id\":\"https:\/\/www.kometirrigation.com\/pt-br\/sobre-nos#breadcrumb\",\"itemListElement\":[{\"@type\":\"ListItem\",\"position\":1,\"name\":\"Home\",\"item\":\"https:\/\/www.kometirrigation.com\/pt-br\"},{\"@type\":\"ListItem\",\"position\":2,\"name\":\"Sobre N\u00f3s\"}]},{\"@type\":\"WebSite\",\"@id\":\"https:\/\/www.kometirrigation.com\/pt-br#website\",\"url\":\"https:\/\/www.kometirrigation.com\/pt-br\",\"name\":\"Komet\",\"description\":\"Innovative Irrigation\",\"potentialAction\":[{\"@type\":\"SearchAction\",\"target\":{\"@type\":\"EntryPoint\",\"urlTemplate\":\"https:\/\/www.kometirrigation.com\/pt-br?s={search_term_string}\"},\"query-input\":{\"@type\":\"PropertyValueSpecification\",\"valueRequired\":true,\"valueName\":\"search_term_string\"}}],\"inLanguage\":\"pt-BR\"}]}<\/script>\n<!-- \/ Yoast SEO plugin. -->","yoast_head_json":{"title":"Sobre N\u00f3s | A equipe de irriga\u00e7\u00e3o da Komet","description":"Nossa equipe global de especialistas em irriga\u00e7\u00e3o est\u00e1 sempre \u00e0 sua disposi\u00e7\u00e3o! Conhe\u00e7a-nos e explore a hist\u00f3ria de nossa empresa!","robots":{"index":"index","follow":"follow","max-snippet":"max-snippet:-1","max-image-preview":"max-image-preview:large","max-video-preview":"max-video-preview:-1"},"canonical":"https:\/\/www.kometirrigation.com\/pt-br\/wp-json\/wp\/v2\/pages\/5693","og_locale":"pt_BR","og_type":"article","og_title":"Sobre N\u00f3s | A equipe de irriga\u00e7\u00e3o da Komet","og_description":"Nossa equipe global de especialistas em irriga\u00e7\u00e3o est\u00e1 sempre \u00e0 sua disposi\u00e7\u00e3o! Conhe\u00e7a-nos e explore a hist\u00f3ria de nossa empresa!","og_url":"https:\/\/www.kometirrigation.com\/pt-br\/sobre-nos","og_site_name":"Komet","article_modified_time":"2026-01-22T08:19:07+00:00","og_image":[{"width":1000,"height":1000,"url":"https:\/\/www.kometirrigation.com\/wp-content\/uploads\/2022\/04\/header2.jpg","type":"image\/jpeg"}],"twitter_card":"summary_large_image","twitter_image":"https:\/\/www.kometirrigation.com\/wp-content\/uploads\/2022\/04\/header2.jpg","schema":{"@context":"https:\/\/schema.org","@graph":[{"@type":"WebPage","@id":"https:\/\/www.kometirrigation.com\/pt-br\/sobre-nos","url":"https:\/\/www.kometirrigation.com\/pt-br\/sobre-nos","name":"Sobre N\u00f3s | A equipe de irriga\u00e7\u00e3o da Komet","isPartOf":{"@id":"https:\/\/www.kometirrigation.com\/pt-br#website"},"datePublished":"2020-05-08T12:06:37+00:00","dateModified":"2026-01-22T08:19:07+00:00","description":"Nossa equipe global de especialistas em irriga\u00e7\u00e3o est\u00e1 sempre \u00e0 sua disposi\u00e7\u00e3o! Conhe\u00e7a-nos e explore a hist\u00f3ria de nossa empresa!","breadcrumb":{"@id":"https:\/\/www.kometirrigation.com\/pt-br\/sobre-nos#breadcrumb"},"inLanguage":"pt-BR","potentialAction":[{"@type":"ReadAction","target":["https:\/\/www.kometirrigation.com\/pt-br\/sobre-nos"]}]},{"@type":"BreadcrumbList","@id":"https:\/\/www.kometirrigation.com\/pt-br\/sobre-nos#breadcrumb","itemListElement":[{"@type":"ListItem","position":1,"name":"Home","item":"https:\/\/www.kometirrigation.com\/pt-br"},{"@type":"ListItem","position":2,"name":"Sobre N\u00f3s"}]},{"@type":"WebSite","@id":"https:\/\/www.kometirrigation.com\/pt-br#website","url":"https:\/\/www.kometirrigation.com\/pt-br","name":"Komet","description":"Innovative Irrigation","potentialAction":[{"@type":"SearchAction","target":{"@type":"EntryPoint","urlTemplate":"https:\/\/www.kometirrigation.com\/pt-br?s={search_term_string}"},"query-input":{"@type":"PropertyValueSpecification","valueRequired":true,"valueName":"search_term_string"}}],"inLanguage":"pt-BR"}]}},"_links":{"self":[{"href":"https:\/\/www.kometirrigation.com\/pt-br\/wp-json\/wp\/v2\/pages\/5693","targetHints":{"allow":["GET"]}}],"collection":[{"href":"https:\/\/www.kometirrigation.com\/pt-br\/wp-json\/wp\/v2\/pages"}],"about":[{"href":"https:\/\/www.kometirrigation.com\/pt-br\/wp-json\/wp\/v2\/types\/page"}],"author":[{"embeddable":true,"href":"https:\/\/www.kometirrigation.com\/pt-br\/wp-json\/wp\/v2\/users\/3"}],"replies":[{"embeddable":true,"href":"https:\/\/www.kometirrigation.com\/pt-br\/wp-json\/wp\/v2\/comments?post=5693"}],"version-history":[{"count":0,"href":"https:\/\/www.kometirrigation.com\/pt-br\/wp-json\/wp\/v2\/pages\/5693\/revisions"}],"wp:attachment":[{"href":"https:\/\/www.kometirrigation.com\/pt-br\/wp-json\/wp\/v2\/media?parent=5693"}],"curies":[{"name":"wp","href":"https:\/\/api.w.org\/{rel}","templated":true}]}}