{"id":4914,"date":"2020-04-28T13:43:08","date_gmt":"2020-04-28T11:43:08","guid":{"rendered":"https:\/\/www.kometirrigation.com?page_id=4914"},"modified":"2022-10-04T10:19:40","modified_gmt":"2022-10-04T08:19:40","slug":"cookies","status":"publish","type":"page","link":"https:\/\/www.kometirrigation.com\/it\/cookies","title":{"rendered":"Cookies"},"content":{"rendered":"<p>Desideriamo informarLa circa le modalit\u00e0 di trattamento dei dati effettuate dalla KOMET Austria GmbH, con sede in Julius Durst Str. 10, 9900, Lienz, Austria (in seguito \u201cAzienda\u201d), attraverso i Cookie del sito web www.kometirrigation.com (in seguito anche \u201cSito\u201d)<\/p>\n<h2>Cosa sono i Cookie?<\/h2>\n<p>I Cookie sono costituiti da porzioni di codice installate all\u2019interno del browser che assistono l\u2019Azienda nell\u2019erogazione del servizio fornito attraverso il Sito in base alle finalit\u00e0 descritte pi\u00f9 specificamente nella tabella di seguito riportata. Alcune delle finalit\u00e0 di installazione dei Cookie potrebbero, inoltre, necessitare del consenso dell\u2019Utente.<\/p>\n<h2>Cookie utilizzati e finalit\u00e0<\/h2>\n<p>Il Sito utilizza diverse tipologie di Cookie. Cookie di sessione, per salvare la sessione della Sua visita e per svolgere altre attivit\u00e0 strettamente necessarie al funzionamento dello stesso, ad esempio in relazione alla distribuzione del traffico. Inoltre, il Sito utilizza Cookie per salvare le preferenze ed ottimizzare l\u2019esperienza della Sua navigazione. Fra questi Cookie rientrano, ad esempio, quelli per impostare la lingua.<\/p>\n<p>Qualora fra gli strumenti indicati in seguito fossero presenti servizi gestiti da terzi, questi potrebbero \u2013 in aggiunta a quanto specificato ed anche all\u2019insaputa dell\u2019Azienda \u2013 compiere attivit\u00e0 di tracciamento e trattamento. Per informazioni dettagliate in merito, Le consigliamo di consultare le cookie policy e privacy policy dei servizi elencati.<\/p>\n<p>Le funzioni svolte dai Cookie utilizzate su questo Sito sono descritte nella tabella seguente.<\/p>\n<p><script id=\"CookieDeclaration\" data-culture=\"it\" src=\"https:\/\/consent.cookiebot.com\/469e4cbb-1ccc-47a0-9485-fdf30f035fa5\/cd.js\" type=\"text\/javascript\" async><\/script><\/p>\n<h2>Gestione delle preferenze dei Cookie<\/h2>\n<p>Accedendo a qualunque pagina del Sito, Le viene mostrato un banner contenente una informativa breve sui Cookie. Se continua a navigare accedendo a qualunque altra sezione del Sito o selezionando un oggetto dello stesso (immagine o link), Lei acconsente all\u2019utilizzo dei Cookie. Un Cookie tecnico verr\u00e0 utilizzato per ricordare la Sua preferenza.<\/p>\n<p>In aggiunta a quanto indicato in questo documento, Lei pu\u00f2 gestire le preferenze relative ai Cookie direttamente all\u2019interno del Suo browser ed impedire \u2013 ad esempio \u2013 che terze parti possano installarne.<\/p>\n<p>Tramite le preferenze del browser \u00e8 inoltre possibile eliminare i Cookie installati in passato, incluso il Cookie in cui venga eventualmente salvato il consenso all\u2019installazione di Cookie da parte di questo Sito.<\/p>\n<p>\u00c8 importante notare che disabilitando tutti i Cookie, il funzionamento del Sito potrebbe essere compromesso. Pu\u00f2 trovare informazioni su come gestire i Cookie del Suo browser presso i siti web dei relativi distributori (Google Chrome, Mozilla Firefox, Apple Safari, Microsoft Windows Explorer).<\/p>\n<div class=\"cm-cookie-table\">\n<table>\n<tbody>\n<tr>\n<td><a href=\"https:\/\/support.mozilla.org\/it\/kb\/Gestione%20dei%20cookie\" target=\"_blank\" rel=\"noopener\">Mozilla Firefox<\/a><\/td>\n<td>https:\/\/support.mozilla.org\/it\/kb\/Gestione%20dei%20cookie<\/td>\n<\/tr>\n<tr>\n<td><a href=\"https:\/\/support.google.com\/chrome\/answer\/95647?hl=it\" target=\"_blank\" rel=\"noopener\">Google Chrome<\/a><\/td>\n<td>https:\/\/support.google.com\/chrome\/answer\/95647?hl=it<\/td>\n<\/tr>\n<tr>\n<td><a href=\"http:\/\/windows.microsoft.com\/it-it\/windows-vista\/block-or-allow-cookies\" target=\"_blank\" rel=\"noopener\">Internet Explorer<\/a><\/td>\n<td>http:\/\/windows.microsoft.com\/it-it\/windows-vista\/block-or-allow-cookies<\/td>\n<\/tr>\n<tr>\n<td><a href=\"https:\/\/support.apple.com\/kb\/PH17191?viewlocale=it_IT&amp;locale=it_IT\" target=\"_blank\" rel=\"noopener\">Safari 6\/7 Mavericks<\/a><\/td>\n<td>https:\/\/support.apple.com\/kb\/PH17191?viewlocale=it_IT&amp;locale=it_IT<\/td>\n<\/tr>\n<tr>\n<td><a href=\"https:\/\/support.apple.com\/kb\/PH19214?viewlocale=it_IT&amp;locale=it_IT\" target=\"_blank\" rel=\"noopener\">Safari 8 Yosemite<\/a><\/td>\n<td>https:\/\/support.apple.com\/kb\/PH19214?viewlocale=it_IT&amp;locale=it_IT<\/td>\n<\/tr>\n<tr>\n<td><a href=\"https:\/\/support.apple.com\/it-it\/HT201265\" target=\"_blank\" rel=\"noopener\">Safari su iPhone, iPad, o iPod touch<\/a><\/td>\n<td>https:\/\/support.apple.com\/it-it\/HT201265<\/td>\n<\/tr>\n<\/tbody>\n<\/table><\/div>\n<p>In caso di servizi erogati da terze parti, Lei pu\u00f2 inoltre esercitare il Suo diritto ad opporsi al tracciamento informandosi tramite la privacy policy della terza parte, tramite il link di opt-out se esplicitamente fornito o contattando direttamente la stessa.<\/p>\n","protected":false},"excerpt":{"rendered":"<p>Desideriamo informarLa circa le modalit\u00e0 di trattamento dei dati effettuate dalla KOMET Austria GmbH, con sede in Julius Durst Str. 10, 9900, Lienz, Austria (in seguito \u201cAzienda\u201d), attraverso i Cookie del sito web www.kometirrigation.com (in seguito anche \u201cSito\u201d) Cosa sono i Cookie? I Cookie sono costituiti da porzioni di codice installate all\u2019interno del browser che [&hellip;]<\/p>\n","protected":false},"author":2,"featured_media":0,"parent":0,"menu_order":0,"comment_status":"closed","ping_status":"closed","template":"","meta":{"_acf_changed":false,"footnotes":""},"class_list":["post-4914","page","type-page","status-publish","hentry"],"acf":[],"yoast_head":"<!-- This site is optimized with the Yoast SEO plugin v26.3 - https:\/\/yoast.com\/wordpress\/plugins\/seo\/ -->\n<title>Cookies - Komet<\/title>\n<meta name=\"robots\" content=\"index, follow, max-snippet:-1, max-image-preview:large, max-video-preview:-1\" \/>\n<link rel=\"canonical\" href=\"https:\/\/www.kometirrigation.com\/it\/wp-json\/wp\/v2\/pages\/4914\" \/>\n<meta property=\"og:locale\" content=\"it_IT\" \/>\n<meta property=\"og:type\" content=\"article\" \/>\n<meta property=\"og:title\" content=\"Cookies - Komet\" \/>\n<meta property=\"og:description\" content=\"Desideriamo informarLa circa le modalit\u00e0 di trattamento dei dati effettuate dalla KOMET Austria GmbH, con sede in Julius Durst Str. 10, 9900, Lienz, Austria (in seguito \u201cAzienda\u201d), attraverso i Cookie del sito web www.kometirrigation.com (in seguito anche \u201cSito\u201d) Cosa sono i Cookie? I Cookie sono costituiti da porzioni di codice installate all\u2019interno del browser che [&hellip;]\" \/>\n<meta property=\"og:url\" content=\"https:\/\/www.kometirrigation.com\/it\/cookies\" \/>\n<meta property=\"og:site_name\" content=\"Komet\" \/>\n<meta property=\"article:modified_time\" content=\"2022-10-04T08:19:40+00:00\" \/>\n<meta property=\"og:image\" content=\"https:\/\/www.kometirrigation.com\/wp-content\/uploads\/2020\/07\/komet-og.jpg\" \/>\n\t<meta property=\"og:image:width\" content=\"1000\" \/>\n\t<meta property=\"og:image:height\" content=\"1000\" \/>\n\t<meta property=\"og:image:type\" content=\"image\/jpeg\" \/>\n<meta name=\"twitter:card\" content=\"summary_large_image\" \/>\n<meta name=\"twitter:label1\" content=\"Tempo di lettura stimato\" \/>\n\t<meta name=\"twitter:data1\" content=\"2 minuti\" \/>\n<script type=\"application\/ld+json\" class=\"yoast-schema-graph\">{\"@context\":\"https:\/\/schema.org\",\"@graph\":[{\"@type\":\"WebPage\",\"@id\":\"https:\/\/www.kometirrigation.com\/it\/cookies\",\"url\":\"https:\/\/www.kometirrigation.com\/it\/cookies\",\"name\":\"Cookies - Komet\",\"isPartOf\":{\"@id\":\"https:\/\/www.kometirrigation.com\/it#website\"},\"datePublished\":\"2020-04-28T11:43:08+00:00\",\"dateModified\":\"2022-10-04T08:19:40+00:00\",\"breadcrumb\":{\"@id\":\"https:\/\/www.kometirrigation.com\/it\/cookies#breadcrumb\"},\"inLanguage\":\"it-IT\",\"potentialAction\":[{\"@type\":\"ReadAction\",\"target\":[\"https:\/\/www.kometirrigation.com\/it\/cookies\"]}]},{\"@type\":\"BreadcrumbList\",\"@id\":\"https:\/\/www.kometirrigation.com\/it\/cookies#breadcrumb\",\"itemListElement\":[{\"@type\":\"ListItem\",\"position\":1,\"name\":\"Home\",\"item\":\"https:\/\/www.kometirrigation.com\/it\"},{\"@type\":\"ListItem\",\"position\":2,\"name\":\"Cookies\"}]},{\"@type\":\"WebSite\",\"@id\":\"https:\/\/www.kometirrigation.com\/it#website\",\"url\":\"https:\/\/www.kometirrigation.com\/it\",\"name\":\"Komet\",\"description\":\"Innovative Irrigation\",\"potentialAction\":[{\"@type\":\"SearchAction\",\"target\":{\"@type\":\"EntryPoint\",\"urlTemplate\":\"https:\/\/www.kometirrigation.com\/it?s={search_term_string}\"},\"query-input\":{\"@type\":\"PropertyValueSpecification\",\"valueRequired\":true,\"valueName\":\"search_term_string\"}}],\"inLanguage\":\"it-IT\"}]}<\/script>\n<!-- \/ Yoast SEO plugin. -->","yoast_head_json":{"title":"Cookies - Komet","robots":{"index":"index","follow":"follow","max-snippet":"max-snippet:-1","max-image-preview":"max-image-preview:large","max-video-preview":"max-video-preview:-1"},"canonical":"https:\/\/www.kometirrigation.com\/it\/wp-json\/wp\/v2\/pages\/4914","og_locale":"it_IT","og_type":"article","og_title":"Cookies - Komet","og_description":"Desideriamo informarLa circa le modalit\u00e0 di trattamento dei dati effettuate dalla KOMET Austria GmbH, con sede in Julius Durst Str. 10, 9900, Lienz, Austria (in seguito \u201cAzienda\u201d), attraverso i Cookie del sito web www.kometirrigation.com (in seguito anche \u201cSito\u201d) Cosa sono i Cookie? I Cookie sono costituiti da porzioni di codice installate all\u2019interno del browser che [&hellip;]","og_url":"https:\/\/www.kometirrigation.com\/it\/cookies","og_site_name":"Komet","article_modified_time":"2022-10-04T08:19:40+00:00","og_image":[{"width":1000,"height":1000,"url":"https:\/\/www.kometirrigation.com\/wp-content\/uploads\/2020\/07\/komet-og.jpg","type":"image\/jpeg"}],"twitter_card":"summary_large_image","twitter_misc":{"Tempo di lettura stimato":"2 minuti"},"schema":{"@context":"https:\/\/schema.org","@graph":[{"@type":"WebPage","@id":"https:\/\/www.kometirrigation.com\/it\/cookies","url":"https:\/\/www.kometirrigation.com\/it\/cookies","name":"Cookies - Komet","isPartOf":{"@id":"https:\/\/www.kometirrigation.com\/it#website"},"datePublished":"2020-04-28T11:43:08+00:00","dateModified":"2022-10-04T08:19:40+00:00","breadcrumb":{"@id":"https:\/\/www.kometirrigation.com\/it\/cookies#breadcrumb"},"inLanguage":"it-IT","potentialAction":[{"@type":"ReadAction","target":["https:\/\/www.kometirrigation.com\/it\/cookies"]}]},{"@type":"BreadcrumbList","@id":"https:\/\/www.kometirrigation.com\/it\/cookies#breadcrumb","itemListElement":[{"@type":"ListItem","position":1,"name":"Home","item":"https:\/\/www.kometirrigation.com\/it"},{"@type":"ListItem","position":2,"name":"Cookies"}]},{"@type":"WebSite","@id":"https:\/\/www.kometirrigation.com\/it#website","url":"https:\/\/www.kometirrigation.com\/it","name":"Komet","description":"Innovative Irrigation","potentialAction":[{"@type":"SearchAction","target":{"@type":"EntryPoint","urlTemplate":"https:\/\/www.kometirrigation.com\/it?s={search_term_string}"},"query-input":{"@type":"PropertyValueSpecification","valueRequired":true,"valueName":"search_term_string"}}],"inLanguage":"it-IT"}]}},"_links":{"self":[{"href":"https:\/\/www.kometirrigation.com\/it\/wp-json\/wp\/v2\/pages\/4914","targetHints":{"allow":["GET"]}}],"collection":[{"href":"https:\/\/www.kometirrigation.com\/it\/wp-json\/wp\/v2\/pages"}],"about":[{"href":"https:\/\/www.kometirrigation.com\/it\/wp-json\/wp\/v2\/types\/page"}],"author":[{"embeddable":true,"href":"https:\/\/www.kometirrigation.com\/it\/wp-json\/wp\/v2\/users\/2"}],"replies":[{"embeddable":true,"href":"https:\/\/www.kometirrigation.com\/it\/wp-json\/wp\/v2\/comments?post=4914"}],"version-history":[{"count":0,"href":"https:\/\/www.kometirrigation.com\/it\/wp-json\/wp\/v2\/pages\/4914\/revisions"}],"wp:attachment":[{"href":"https:\/\/www.kometirrigation.com\/it\/wp-json\/wp\/v2\/media?parent=4914"}],"curies":[{"name":"wp","href":"https:\/\/api.w.org\/{rel}","templated":true}]}}