{"id":5717,"date":"2020-05-21T09:46:10","date_gmt":"2020-05-21T07:46:10","guid":{"rendered":"https:\/\/www.kometirrigation.com\/credits"},"modified":"2025-03-27T16:16:47","modified_gmt":"2025-03-27T15:16:47","slug":"mentions-legales","status":"publish","type":"page","link":"https:\/\/www.kometirrigation.com\/fr\/mentions-legales","title":{"rendered":"Mentions l\u00e9gales"},"content":{"rendered":"<p><strong>Propri\u00e9taire du contenu:<\/strong><br \/>\nKomet Austria GmbH<br \/>\nJulius Durst Stra\u00dfe 10<br \/>\n9900 Lienz, Autriche<br \/>\nT: +43 4852 71550 500<br \/>\nE: <a href=\"mailto:komet@kometirrigation.com\">komet@kometirrigation.com<\/a><br \/>\nW: <a href=\"https:\/\/www.kometirrigation.com\/fr\/\">kometirrigation.com<\/a><\/p>\n<p><strong>Directeur g\u00e9n\u00e9ral:<\/strong><br \/>\nDr. Andree Groos (Porte-parole)<br \/>\nSacha Hoffmann<\/p>\n<p><strong>Activit\u00e9:<\/strong><br \/>\nD\u00e9veloppement, production et distribution de composants essentiels pour les syst\u00e8mes d&rsquo;irrigation agricole.<\/p>\n<p><strong>Num\u00e9ro d&rsquo;enregistrement:<\/strong> 197941s<br \/>\n<strong>Si\u00e8ge de l&rsquo;entreprise:<\/strong> Lienz, Autriche<br \/>\n<strong>Lieu d&rsquo;enregistrement:<\/strong> Innsbruck<br \/>\n<strong>Num\u00e9ro d&rsquo;identification:<\/strong> ATU 49749704<br \/>\n<strong>Affiliation:<\/strong> membre de la chambre de commerce d&rsquo;Autriche<br \/>\n<strong>Informations l\u00e9gales et commerciales accessibles gratuitement sur:<\/strong> <a href=\"https:\/\/www.ris.bka.gv.at\/\"><strong>www.ris.bka.gv.at<\/strong><\/a><br \/>\n<strong>Autorit\u00e9 commerciale:<\/strong> Administration de Lienz, Autriche<\/p>\n<p><strong>Concept, conception web et mise en ligne:<\/strong><br \/>\nMADE IN CIMA S.r.l.<br \/>\n<a href=\"mailto:support@madeincima.it\">support@madeincima.it<\/a><br \/>\n<a href=\"https:\/\/www.madeincima.it\/?utm_source=www.kometirrigation.com\/fr\/&amp;utm_medium=Text%2Blink&amp;utm_campaign=Footer%2BLink\" target=\"_blank\" rel=\"noopener noreferrer\">www.madeincima.it<\/a><\/p>\n<p><strong>Clause de non-responsabilit\u00e9 et information l\u00e9gale:<\/strong><br \/>\nLe contenu de ce site a \u00e9t\u00e9 \u00e9labor\u00e9 et compil\u00e9 avec le plus grand soin. Cependant, nous ne garantissons en aucune fa\u00e7on l\u2019exactitude, l\u2019int\u00e9gralit\u00e9 ou la qualit\u00e9 de ce contenu. En cons\u00e9quence, Komet Austria GmbH, ses employ\u00e9s et ses contributeurs d\u00e9clinent toute responsabilit\u00e9 quant aux dommages directs ou indirects li\u00e9s \u00e0 l&rsquo;utilisation de ce site.<br \/>\nToute publication, modification ou reproduction du site web (texte, images, graphiques, etc.), faite sans le consentement de Komet Austria GmbH est illicite.<\/p>\n","protected":false},"excerpt":{"rendered":"<p>Propri\u00e9taire du contenu: Komet Austria GmbH Julius Durst Stra\u00dfe 10 9900 Lienz, Autriche T: +43 4852 71550 500 E: komet@kometirrigation.com W: kometirrigation.com Directeur g\u00e9n\u00e9ral: Dr. Andree Groos (Porte-parole) Sacha Hoffmann Activit\u00e9: D\u00e9veloppement, production et distribution de composants essentiels pour les syst\u00e8mes d&rsquo;irrigation agricole. Num\u00e9ro d&rsquo;enregistrement: 197941s Si\u00e8ge de l&rsquo;entreprise: Lienz, Autriche Lieu d&rsquo;enregistrement: Innsbruck Num\u00e9ro [&hellip;]<\/p>\n","protected":false},"author":3,"featured_media":0,"parent":0,"menu_order":0,"comment_status":"closed","ping_status":"closed","template":"","meta":{"_acf_changed":false,"footnotes":""},"class_list":["post-5717","page","type-page","status-publish","hentry"],"acf":[],"yoast_head":"<!-- This site is optimized with the Yoast SEO plugin v26.3 - https:\/\/yoast.com\/wordpress\/plugins\/seo\/ -->\n<title>Mentions l\u00e9gales - Komet<\/title>\n<meta name=\"robots\" content=\"index, follow, max-snippet:-1, max-image-preview:large, max-video-preview:-1\" \/>\n<link rel=\"canonical\" href=\"https:\/\/www.kometirrigation.com\/fr\/wp-json\/wp\/v2\/pages\/5717\" \/>\n<meta property=\"og:locale\" content=\"fr_FR\" \/>\n<meta property=\"og:type\" content=\"article\" \/>\n<meta property=\"og:title\" content=\"Mentions l\u00e9gales - Komet\" \/>\n<meta property=\"og:description\" content=\"Propri\u00e9taire du contenu: Komet Austria GmbH Julius Durst Stra\u00dfe 10 9900 Lienz, Autriche T: +43 4852 71550 500 E: komet@kometirrigation.com W: kometirrigation.com Directeur g\u00e9n\u00e9ral: Dr. Andree Groos (Porte-parole) Sacha Hoffmann Activit\u00e9: D\u00e9veloppement, production et distribution de composants essentiels pour les syst\u00e8mes d&rsquo;irrigation agricole. Num\u00e9ro d&rsquo;enregistrement: 197941s Si\u00e8ge de l&rsquo;entreprise: Lienz, Autriche Lieu d&rsquo;enregistrement: Innsbruck Num\u00e9ro [&hellip;]\" \/>\n<meta property=\"og:url\" content=\"https:\/\/www.kometirrigation.com\/fr\/mentions-legales\" \/>\n<meta property=\"og:site_name\" content=\"Komet\" \/>\n<meta property=\"article:modified_time\" content=\"2025-03-27T15:16:47+00:00\" \/>\n<meta property=\"og:image\" content=\"https:\/\/www.kometirrigation.com\/wp-content\/uploads\/2020\/07\/komet-og.jpg\" \/>\n\t<meta property=\"og:image:width\" content=\"1000\" \/>\n\t<meta property=\"og:image:height\" content=\"1000\" \/>\n\t<meta property=\"og:image:type\" content=\"image\/jpeg\" \/>\n<meta name=\"twitter:card\" content=\"summary_large_image\" \/>\n<meta name=\"twitter:label1\" content=\"Dur\u00e9e de lecture estim\u00e9e\" \/>\n\t<meta name=\"twitter:data1\" content=\"1 minute\" \/>\n<script type=\"application\/ld+json\" class=\"yoast-schema-graph\">{\"@context\":\"https:\/\/schema.org\",\"@graph\":[{\"@type\":\"WebPage\",\"@id\":\"https:\/\/www.kometirrigation.com\/fr\/mentions-legales\",\"url\":\"https:\/\/www.kometirrigation.com\/fr\/mentions-legales\",\"name\":\"Mentions l\u00e9gales - Komet\",\"isPartOf\":{\"@id\":\"https:\/\/www.kometirrigation.com\/fr#website\"},\"datePublished\":\"2020-05-21T07:46:10+00:00\",\"dateModified\":\"2025-03-27T15:16:47+00:00\",\"breadcrumb\":{\"@id\":\"https:\/\/www.kometirrigation.com\/fr\/mentions-legales#breadcrumb\"},\"inLanguage\":\"fr-FR\",\"potentialAction\":[{\"@type\":\"ReadAction\",\"target\":[\"https:\/\/www.kometirrigation.com\/fr\/mentions-legales\"]}]},{\"@type\":\"BreadcrumbList\",\"@id\":\"https:\/\/www.kometirrigation.com\/fr\/mentions-legales#breadcrumb\",\"itemListElement\":[{\"@type\":\"ListItem\",\"position\":1,\"name\":\"Home\",\"item\":\"https:\/\/www.kometirrigation.com\/fr\"},{\"@type\":\"ListItem\",\"position\":2,\"name\":\"Mentions l\u00e9gales\"}]},{\"@type\":\"WebSite\",\"@id\":\"https:\/\/www.kometirrigation.com\/fr#website\",\"url\":\"https:\/\/www.kometirrigation.com\/fr\",\"name\":\"Komet\",\"description\":\"Innovative Irrigation\",\"potentialAction\":[{\"@type\":\"SearchAction\",\"target\":{\"@type\":\"EntryPoint\",\"urlTemplate\":\"https:\/\/www.kometirrigation.com\/fr?s={search_term_string}\"},\"query-input\":{\"@type\":\"PropertyValueSpecification\",\"valueRequired\":true,\"valueName\":\"search_term_string\"}}],\"inLanguage\":\"fr-FR\"}]}<\/script>\n<!-- \/ Yoast SEO plugin. -->","yoast_head_json":{"title":"Mentions l\u00e9gales - Komet","robots":{"index":"index","follow":"follow","max-snippet":"max-snippet:-1","max-image-preview":"max-image-preview:large","max-video-preview":"max-video-preview:-1"},"canonical":"https:\/\/www.kometirrigation.com\/fr\/wp-json\/wp\/v2\/pages\/5717","og_locale":"fr_FR","og_type":"article","og_title":"Mentions l\u00e9gales - Komet","og_description":"Propri\u00e9taire du contenu: Komet Austria GmbH Julius Durst Stra\u00dfe 10 9900 Lienz, Autriche T: +43 4852 71550 500 E: komet@kometirrigation.com W: kometirrigation.com Directeur g\u00e9n\u00e9ral: Dr. Andree Groos (Porte-parole) Sacha Hoffmann Activit\u00e9: D\u00e9veloppement, production et distribution de composants essentiels pour les syst\u00e8mes d&rsquo;irrigation agricole. Num\u00e9ro d&rsquo;enregistrement: 197941s Si\u00e8ge de l&rsquo;entreprise: Lienz, Autriche Lieu d&rsquo;enregistrement: Innsbruck Num\u00e9ro [&hellip;]","og_url":"https:\/\/www.kometirrigation.com\/fr\/mentions-legales","og_site_name":"Komet","article_modified_time":"2025-03-27T15:16:47+00:00","og_image":[{"width":1000,"height":1000,"url":"https:\/\/www.kometirrigation.com\/wp-content\/uploads\/2020\/07\/komet-og.jpg","type":"image\/jpeg"}],"twitter_card":"summary_large_image","twitter_misc":{"Dur\u00e9e de lecture estim\u00e9e":"1 minute"},"schema":{"@context":"https:\/\/schema.org","@graph":[{"@type":"WebPage","@id":"https:\/\/www.kometirrigation.com\/fr\/mentions-legales","url":"https:\/\/www.kometirrigation.com\/fr\/mentions-legales","name":"Mentions l\u00e9gales - Komet","isPartOf":{"@id":"https:\/\/www.kometirrigation.com\/fr#website"},"datePublished":"2020-05-21T07:46:10+00:00","dateModified":"2025-03-27T15:16:47+00:00","breadcrumb":{"@id":"https:\/\/www.kometirrigation.com\/fr\/mentions-legales#breadcrumb"},"inLanguage":"fr-FR","potentialAction":[{"@type":"ReadAction","target":["https:\/\/www.kometirrigation.com\/fr\/mentions-legales"]}]},{"@type":"BreadcrumbList","@id":"https:\/\/www.kometirrigation.com\/fr\/mentions-legales#breadcrumb","itemListElement":[{"@type":"ListItem","position":1,"name":"Home","item":"https:\/\/www.kometirrigation.com\/fr"},{"@type":"ListItem","position":2,"name":"Mentions l\u00e9gales"}]},{"@type":"WebSite","@id":"https:\/\/www.kometirrigation.com\/fr#website","url":"https:\/\/www.kometirrigation.com\/fr","name":"Komet","description":"Innovative Irrigation","potentialAction":[{"@type":"SearchAction","target":{"@type":"EntryPoint","urlTemplate":"https:\/\/www.kometirrigation.com\/fr?s={search_term_string}"},"query-input":{"@type":"PropertyValueSpecification","valueRequired":true,"valueName":"search_term_string"}}],"inLanguage":"fr-FR"}]}},"_links":{"self":[{"href":"https:\/\/www.kometirrigation.com\/fr\/wp-json\/wp\/v2\/pages\/5717","targetHints":{"allow":["GET"]}}],"collection":[{"href":"https:\/\/www.kometirrigation.com\/fr\/wp-json\/wp\/v2\/pages"}],"about":[{"href":"https:\/\/www.kometirrigation.com\/fr\/wp-json\/wp\/v2\/types\/page"}],"author":[{"embeddable":true,"href":"https:\/\/www.kometirrigation.com\/fr\/wp-json\/wp\/v2\/users\/3"}],"replies":[{"embeddable":true,"href":"https:\/\/www.kometirrigation.com\/fr\/wp-json\/wp\/v2\/comments?post=5717"}],"version-history":[{"count":0,"href":"https:\/\/www.kometirrigation.com\/fr\/wp-json\/wp\/v2\/pages\/5717\/revisions"}],"wp:attachment":[{"href":"https:\/\/www.kometirrigation.com\/fr\/wp-json\/wp\/v2\/media?parent=5717"}],"curies":[{"name":"wp","href":"https:\/\/api.w.org\/{rel}","templated":true}]}}