{"id":5718,"date":"2020-05-21T09:46:10","date_gmt":"2020-05-21T07:46:10","guid":{"rendered":"https:\/\/www.kometirrigation.com\/credits"},"modified":"2025-03-28T08:16:24","modified_gmt":"2025-03-28T07:16:24","slug":"impressum","status":"publish","type":"page","link":"https:\/\/www.kometirrigation.com\/de\/impressum","title":{"rendered":"Impressum"},"content":{"rendered":"<p><strong>F\u00fcr den Inhalt verantwortlich:<\/strong><br \/>\nKomet Austria GmbH<br \/>\nJulius Durst-Stra\u00dfe 10<br \/>\nA-9900 Lienz<br \/>\nT: +43 4852 71550 500<br \/>\nE: <a href=\"mailto:komet@kometirrigation.com\">komet@kometirrigation.com<\/a><br \/>\nW: <a href=\"https:\/\/www.kometirrigation.com\/de\/\">kometirrigation.com<\/a><\/p>\n<p><strong>Gesch\u00e4ftsf\u00fchrer:<\/strong><br \/>\nDr. Andree Groos (Sprecher)<br \/>\nSacha Hoffmann<\/p>\n<p><strong>Weitere Informationen:<\/strong><br \/>\n<strong>Unternehmensgegenstand:<\/strong><br \/>\nEntwicklung, Produktion und Vertrieb von wesentlichen Komponenten f\u00fcr landwirtschaftliche Beregnungssysteme.<\/p>\n<p><strong>Firmenbuchnummer:<\/strong> 197941s<br \/>\n<strong>Firmensitz:<\/strong> Lienz, \u00d6sterreich<br \/>\n<strong>Firmenbuchgericht:<\/strong> Landesgericht Innsbruck<br \/>\n<strong>UID:<\/strong> ATU 49749704<br \/>\n<strong>Berufsverband:<\/strong> Mitglied der Wirtschaftskammer \u00d6sterreich<br \/>\n<strong>Berufsrecht:<\/strong> Gewerbeordnung, kostenlos abrufbar unter <a href=\"https:\/\/www.ris.bka.gv.at\/\"><strong>www.ris.bka.gv.at<\/strong><\/a><br \/>\n<strong>Gewerbebeh\u00f6rde:<\/strong> Bezirkshauptmannschaft Lienz, \u00d6sterreich<\/p>\n<p><strong>Konzept, Webdesign und Umsetzung:<\/strong><br \/>\nMADE IN CIMA S.r.l.<br \/>\n<a href=\"mailto:support@madeincima.it\">support@madeincima.it<\/a><br \/>\n<a href=\"https:\/\/www.madeincima.it\/?utm_source=www.kometirrigation.com\/de\/&amp;utm_medium=Text%2Blink&amp;utm_campaign=Footer%2BLink\" target=\"_blank\" rel=\"noopener noreferrer\">www.madeincima.it<\/a><\/p>\n<p><strong>Haftung:<\/strong><br \/>\nS\u00e4mtliche Inhalte wurden sorgf\u00e4ltig erstellt und gepr\u00fcft. Dennoch kann keine Garantie f\u00fcr die Richtigkeit, Vollst\u00e4ndigkeit und Aktualit\u00e4t der Angaben \u00fcbernommen werden. Jegliche Verwendung, Ver\u00e4nderung und Vervielf\u00e4ltigung von Inhalten (Texte, Bilder, Grafiken, etc.) der Website ist ohne die ausdr\u00fcckliche Zustimmung der Komet Austria GmbH ausnahmslos verboten.<\/p>\n","protected":false},"excerpt":{"rendered":"<p>F\u00fcr den Inhalt verantwortlich: Komet Austria GmbH Julius Durst-Stra\u00dfe 10 A-9900 Lienz T: +43 4852 71550 500 E: komet@kometirrigation.com W: kometirrigation.com Gesch\u00e4ftsf\u00fchrer: Dr. Andree Groos (Sprecher) Sacha Hoffmann Weitere Informationen: Unternehmensgegenstand: Entwicklung, Produktion und Vertrieb von wesentlichen Komponenten f\u00fcr landwirtschaftliche Beregnungssysteme. Firmenbuchnummer: 197941s Firmensitz: Lienz, \u00d6sterreich Firmenbuchgericht: Landesgericht Innsbruck UID: ATU 49749704 Berufsverband: Mitglied der [&hellip;]<\/p>\n","protected":false},"author":3,"featured_media":0,"parent":0,"menu_order":0,"comment_status":"closed","ping_status":"closed","template":"","meta":{"_acf_changed":false,"footnotes":""},"class_list":["post-5718","page","type-page","status-publish","hentry"],"acf":[],"yoast_head":"<!-- This site is optimized with the Yoast SEO plugin v26.3 - https:\/\/yoast.com\/wordpress\/plugins\/seo\/ -->\n<title>Impressum - Komet<\/title>\n<meta name=\"robots\" content=\"index, follow, max-snippet:-1, max-image-preview:large, max-video-preview:-1\" \/>\n<link rel=\"canonical\" href=\"https:\/\/www.kometirrigation.com\/de\/wp-json\/wp\/v2\/pages\/5718\" \/>\n<meta property=\"og:locale\" content=\"de_DE\" \/>\n<meta property=\"og:type\" content=\"article\" \/>\n<meta property=\"og:title\" content=\"Impressum - Komet\" \/>\n<meta property=\"og:description\" content=\"F\u00fcr den Inhalt verantwortlich: Komet Austria GmbH Julius Durst-Stra\u00dfe 10 A-9900 Lienz T: +43 4852 71550 500 E: komet@kometirrigation.com W: kometirrigation.com Gesch\u00e4ftsf\u00fchrer: Dr. Andree Groos (Sprecher) Sacha Hoffmann Weitere Informationen: Unternehmensgegenstand: Entwicklung, Produktion und Vertrieb von wesentlichen Komponenten f\u00fcr landwirtschaftliche Beregnungssysteme. Firmenbuchnummer: 197941s Firmensitz: Lienz, \u00d6sterreich Firmenbuchgericht: Landesgericht Innsbruck UID: ATU 49749704 Berufsverband: Mitglied der [&hellip;]\" \/>\n<meta property=\"og:url\" content=\"https:\/\/www.kometirrigation.com\/de\/impressum\" \/>\n<meta property=\"og:site_name\" content=\"Komet\" \/>\n<meta property=\"article:modified_time\" content=\"2025-03-28T07:16:24+00:00\" \/>\n<meta property=\"og:image\" content=\"https:\/\/www.kometirrigation.com\/wp-content\/uploads\/2020\/07\/komet-og.jpg\" \/>\n\t<meta property=\"og:image:width\" content=\"1000\" \/>\n\t<meta property=\"og:image:height\" content=\"1000\" \/>\n\t<meta property=\"og:image:type\" content=\"image\/jpeg\" \/>\n<meta name=\"twitter:card\" content=\"summary_large_image\" \/>\n<meta name=\"twitter:label1\" content=\"Gesch\u00e4tzte Lesezeit\" \/>\n\t<meta name=\"twitter:data1\" content=\"1\u00a0Minute\" \/>\n<script type=\"application\/ld+json\" class=\"yoast-schema-graph\">{\"@context\":\"https:\/\/schema.org\",\"@graph\":[{\"@type\":\"WebPage\",\"@id\":\"https:\/\/www.kometirrigation.com\/de\/impressum\",\"url\":\"https:\/\/www.kometirrigation.com\/de\/impressum\",\"name\":\"Impressum - Komet\",\"isPartOf\":{\"@id\":\"https:\/\/www.kometirrigation.com\/de#website\"},\"datePublished\":\"2020-05-21T07:46:10+00:00\",\"dateModified\":\"2025-03-28T07:16:24+00:00\",\"breadcrumb\":{\"@id\":\"https:\/\/www.kometirrigation.com\/de\/impressum#breadcrumb\"},\"inLanguage\":\"de\",\"potentialAction\":[{\"@type\":\"ReadAction\",\"target\":[\"https:\/\/www.kometirrigation.com\/de\/impressum\"]}]},{\"@type\":\"BreadcrumbList\",\"@id\":\"https:\/\/www.kometirrigation.com\/de\/impressum#breadcrumb\",\"itemListElement\":[{\"@type\":\"ListItem\",\"position\":1,\"name\":\"Home\",\"item\":\"https:\/\/www.kometirrigation.com\/de\"},{\"@type\":\"ListItem\",\"position\":2,\"name\":\"Impressum\"}]},{\"@type\":\"WebSite\",\"@id\":\"https:\/\/www.kometirrigation.com\/de#website\",\"url\":\"https:\/\/www.kometirrigation.com\/de\",\"name\":\"Komet\",\"description\":\"Innovative Irrigation\",\"potentialAction\":[{\"@type\":\"SearchAction\",\"target\":{\"@type\":\"EntryPoint\",\"urlTemplate\":\"https:\/\/www.kometirrigation.com\/de?s={search_term_string}\"},\"query-input\":{\"@type\":\"PropertyValueSpecification\",\"valueRequired\":true,\"valueName\":\"search_term_string\"}}],\"inLanguage\":\"de\"}]}<\/script>\n<!-- \/ Yoast SEO plugin. -->","yoast_head_json":{"title":"Impressum - Komet","robots":{"index":"index","follow":"follow","max-snippet":"max-snippet:-1","max-image-preview":"max-image-preview:large","max-video-preview":"max-video-preview:-1"},"canonical":"https:\/\/www.kometirrigation.com\/de\/wp-json\/wp\/v2\/pages\/5718","og_locale":"de_DE","og_type":"article","og_title":"Impressum - Komet","og_description":"F\u00fcr den Inhalt verantwortlich: Komet Austria GmbH Julius Durst-Stra\u00dfe 10 A-9900 Lienz T: +43 4852 71550 500 E: komet@kometirrigation.com W: kometirrigation.com Gesch\u00e4ftsf\u00fchrer: Dr. Andree Groos (Sprecher) Sacha Hoffmann Weitere Informationen: Unternehmensgegenstand: Entwicklung, Produktion und Vertrieb von wesentlichen Komponenten f\u00fcr landwirtschaftliche Beregnungssysteme. Firmenbuchnummer: 197941s Firmensitz: Lienz, \u00d6sterreich Firmenbuchgericht: Landesgericht Innsbruck UID: ATU 49749704 Berufsverband: Mitglied der [&hellip;]","og_url":"https:\/\/www.kometirrigation.com\/de\/impressum","og_site_name":"Komet","article_modified_time":"2025-03-28T07:16:24+00:00","og_image":[{"width":1000,"height":1000,"url":"https:\/\/www.kometirrigation.com\/wp-content\/uploads\/2020\/07\/komet-og.jpg","type":"image\/jpeg"}],"twitter_card":"summary_large_image","twitter_misc":{"Gesch\u00e4tzte Lesezeit":"1\u00a0Minute"},"schema":{"@context":"https:\/\/schema.org","@graph":[{"@type":"WebPage","@id":"https:\/\/www.kometirrigation.com\/de\/impressum","url":"https:\/\/www.kometirrigation.com\/de\/impressum","name":"Impressum - Komet","isPartOf":{"@id":"https:\/\/www.kometirrigation.com\/de#website"},"datePublished":"2020-05-21T07:46:10+00:00","dateModified":"2025-03-28T07:16:24+00:00","breadcrumb":{"@id":"https:\/\/www.kometirrigation.com\/de\/impressum#breadcrumb"},"inLanguage":"de","potentialAction":[{"@type":"ReadAction","target":["https:\/\/www.kometirrigation.com\/de\/impressum"]}]},{"@type":"BreadcrumbList","@id":"https:\/\/www.kometirrigation.com\/de\/impressum#breadcrumb","itemListElement":[{"@type":"ListItem","position":1,"name":"Home","item":"https:\/\/www.kometirrigation.com\/de"},{"@type":"ListItem","position":2,"name":"Impressum"}]},{"@type":"WebSite","@id":"https:\/\/www.kometirrigation.com\/de#website","url":"https:\/\/www.kometirrigation.com\/de","name":"Komet","description":"Innovative Irrigation","potentialAction":[{"@type":"SearchAction","target":{"@type":"EntryPoint","urlTemplate":"https:\/\/www.kometirrigation.com\/de?s={search_term_string}"},"query-input":{"@type":"PropertyValueSpecification","valueRequired":true,"valueName":"search_term_string"}}],"inLanguage":"de"}]}},"_links":{"self":[{"href":"https:\/\/www.kometirrigation.com\/de\/wp-json\/wp\/v2\/pages\/5718","targetHints":{"allow":["GET"]}}],"collection":[{"href":"https:\/\/www.kometirrigation.com\/de\/wp-json\/wp\/v2\/pages"}],"about":[{"href":"https:\/\/www.kometirrigation.com\/de\/wp-json\/wp\/v2\/types\/page"}],"author":[{"embeddable":true,"href":"https:\/\/www.kometirrigation.com\/de\/wp-json\/wp\/v2\/users\/3"}],"replies":[{"embeddable":true,"href":"https:\/\/www.kometirrigation.com\/de\/wp-json\/wp\/v2\/comments?post=5718"}],"version-history":[{"count":0,"href":"https:\/\/www.kometirrigation.com\/de\/wp-json\/wp\/v2\/pages\/5718\/revisions"}],"wp:attachment":[{"href":"https:\/\/www.kometirrigation.com\/de\/wp-json\/wp\/v2\/media?parent=5718"}],"curies":[{"name":"wp","href":"https:\/\/api.w.org\/{rel}","templated":true}]}}